 {"id":11493,"date":"2023-10-26T09:35:07","date_gmt":"2023-10-26T12:35:07","guid":{"rendered":"https:\/\/cmsucupiradoriachao.ma.gov.br\/transparencia\/?page_id=11493"},"modified":"2023-10-26T09:35:07","modified_gmt":"2023-10-26T12:35:07","slug":"procuradoria-da-mulher","status":"publish","type":"page","link":"https:\/\/cmsucupiradoriachao.ma.gov.br\/transparencia\/procuradoria-da-mulher\/","title":{"rendered":"Procuradoria da Mulher"},"content":{"rendered":"<p>Acesse os dados referentes \u00e0 Procuradoria da Mulher<br \/>\n<div id=\"footable_parent_11492\"\n         class=\" footable_parent ninja_table_wrapper loading_ninja_table wp_table_data_press_parent semantic_ui colored_table\">\n                <table data-ninja_table_instance=\"ninja_table_instance_0\" data-footable_id=\"11492\" data-filter-delay=\"1000\" aria-label=\"Procuradoria da Mulher\"            id=\"footable_11492\"\n           data-unique_identifier=\"ninja_table_unique_id_2210836653_11492\"\n           class=\" foo-table ninja_footable foo_table_11492 ninja_table_unique_id_2210836653_11492 ui table  white nt_type_legacy_table selectable striped vertical_centered inverted footable-paging-right ninja_table_pro ninja_table_afd_inline ninja_table_has_custom_filter\">\n                <colgroup>\n                            <col class=\"ninja_column_0 \">\n                            <col class=\"ninja_column_1 \">\n                            <col class=\"ninja_column_2 \">\n                            <col class=\"ninja_column_3 \">\n                    <\/colgroup>\n        <thead>\n<tr class=\"footable-header\">\n                                                                        <th scope=\"col\"  class=\"ninja_column_0 ninja_clmn_nm_posttitle \">Descri\u00e7\u00e3o<\/th><th scope=\"col\"  class=\"ninja_column_1 ninja_clmn_nm_postdate \">Data da Publica\u00e7\u00e3o<\/th><th scope=\"col\"  class=\"ninja_column_2 ninja_clmn_nm_procuradoriadamulherano \">Ano<\/th><th scope=\"col\"  class=\"ninja_column_3 ninja_clmn_nm_download \">Download<\/th><\/tr>\n<\/thead>\n<tbody>\n\n        <tr data-row_id=\"0\" class=\"ninja_table_row_0 nt_row_id_0\">\n            <td>Procuradoria da Mulher<\/td><td>26\/10\/\/2023<\/td><td>2023<\/td><td><a target=\"_blank\"  class=\"nt_btn nt_rounded_btn\" style=\"color: rgba(250, 250, 250, 1);background-color: rgba(19, 191, 151, 1);border-color: rgba(19, 191, 151, 1);\" rel=\"\" href=\"https:\/\/cmsucupiradoriachao.ma.gov.br\/transparencia\/wp-content\/uploads\/2023\/10\/CamScanner-26-10-2023-11.12.pdf\">Download<\/a><\/td>        <\/tr>\n            <tr data-row_id=\"1\" class=\"ninja_table_row_1 nt_row_id_1\">\n            <td>TERMO DE CESS\u00c3O DE USO DE BENS MOVEIS QUE FAZEM ENTRE SI A ASSEMBLEIA LEGISLATIVA DO MARANH\u00c3O E A CAMARA MUNICIPAL DE SUCUPIRA DO RIACH\u00c3O<\/td><td>24\/10\/\/2023<\/td><td>2023<\/td><td><a target=\"_blank\"  class=\"nt_btn nt_rounded_btn\" style=\"color: rgba(250, 250, 250, 1);background-color: rgba(19, 191, 151, 1);border-color: rgba(19, 191, 151, 1);\" rel=\"\" href=\"https:\/\/cmsucupiradoriachao.ma.gov.br\/transparencia\/wp-content\/uploads\/2023\/10\/CamScanner-26-10-2023-11.15.pdf\">Download<\/a><\/td>        <\/tr>\n            <tr data-row_id=\"2\" class=\"ninja_table_row_2 nt_row_id_2\">\n            <td>ACORDO DE COOPERA\u00c7\u00c3O T\u00c9CNICA QUE ENTRE SI CELEBRAM, DE UM LADO,A ASSEMBLEIA LEGISLATIVA DO ESTADO DO MARANH\u00c3O E, DE OUTRO, A C\u00c2MARA MUNICIPAL DE SUCUPIRA DO RIACH\u00c3O<\/td><td>24\/10\/\/2023<\/td><td>2023<\/td><td><a target=\"_blank\"  class=\"nt_btn nt_rounded_btn\" style=\"color: rgba(250, 250, 250, 1);background-color: rgba(19, 191, 151, 1);border-color: rgba(19, 191, 151, 1);\" rel=\"\" href=\"https:\/\/cmsucupiradoriachao.ma.gov.br\/transparencia\/wp-content\/uploads\/2023\/10\/CamScanner-26-10-2023-11.14.pdf\">Download<\/a><\/td>        <\/tr>\n    <\/tbody><!--ninja_tobody_rendering_done-->\n    <\/table>\n    \n    \n    \n<\/div>\n<\/p>\n","protected":false},"excerpt":{"rendered":"<p>Acesse os dados referentes \u00e0 Procuradoria da Mulher<\/p>\n","protected":false},"author":10,"featured_media":0,"parent":0,"menu_order":0,"comment_status":"closed","ping_status":"closed","template":"","meta":{"_acf_changed":false,"footnotes":""},"class_list":["post-11493","page","type-page","status-publish","hentry"],"acf":[],"_links":{"self":[{"href":"https:\/\/cmsucupiradoriachao.ma.gov.br\/transparencia\/wp-json\/wp\/v2\/pages\/11493","targetHints":{"allow":["GET"]}}],"collection":[{"href":"https:\/\/cmsucupiradoriachao.ma.gov.br\/transparencia\/wp-json\/wp\/v2\/pages"}],"about":[{"href":"https:\/\/cmsucupiradoriachao.ma.gov.br\/transparencia\/wp-json\/wp\/v2\/types\/page"}],"author":[{"embeddable":true,"href":"https:\/\/cmsucupiradoriachao.ma.gov.br\/transparencia\/wp-json\/wp\/v2\/users\/10"}],"replies":[{"embeddable":true,"href":"https:\/\/cmsucupiradoriachao.ma.gov.br\/transparencia\/wp-json\/wp\/v2\/comments?post=11493"}],"version-history":[{"count":1,"href":"https:\/\/cmsucupiradoriachao.ma.gov.br\/transparencia\/wp-json\/wp\/v2\/pages\/11493\/revisions"}],"predecessor-version":[{"id":11494,"href":"https:\/\/cmsucupiradoriachao.ma.gov.br\/transparencia\/wp-json\/wp\/v2\/pages\/11493\/revisions\/11494"}],"wp:attachment":[{"href":"https:\/\/cmsucupiradoriachao.ma.gov.br\/transparencia\/wp-json\/wp\/v2\/media?parent=11493"}],"curies":[{"name":"wp","href":"https:\/\/api.w.org\/{rel}","templated":true}]}}