 {"id":1132,"date":"2019-12-13T17:06:53","date_gmt":"2019-12-13T20:06:53","guid":{"rendered":"http:\/\/cmsucupiradoriachao.ma.gov.br\/transparencia\/?page_id=1132"},"modified":"2021-08-19T16:57:19","modified_gmt":"2021-08-19T19:57:19","slug":"loa-lei-orcamentaria-anual","status":"publish","type":"page","link":"https:\/\/cmsucupiradoriachao.ma.gov.br\/transparencia\/loa-lei-orcamentaria-anual\/","title":{"rendered":"LOA \u2013 Lei Or\u00e7ament\u00e1ria Anual"},"content":{"rendered":"<p>Acesse a Lei Or\u00e7ament\u00e1ria Anual do Munic\u00edpio<\/p>\n","protected":false},"excerpt":{"rendered":"<p>Acesse a Lei Or\u00e7ament\u00e1ria Anual do Munic\u00edpio<\/p>\n","protected":false},"author":10,"featured_media":6837,"parent":0,"menu_order":0,"comment_status":"closed","ping_status":"closed","template":"loa.php","meta":{"_acf_changed":false,"footnotes":""},"class_list":["post-1132","page","type-page","status-publish","has-post-thumbnail","hentry"],"acf":[],"_links":{"self":[{"href":"https:\/\/cmsucupiradoriachao.ma.gov.br\/transparencia\/wp-json\/wp\/v2\/pages\/1132","targetHints":{"allow":["GET"]}}],"collection":[{"href":"https:\/\/cmsucupiradoriachao.ma.gov.br\/transparencia\/wp-json\/wp\/v2\/pages"}],"about":[{"href":"https:\/\/cmsucupiradoriachao.ma.gov.br\/transparencia\/wp-json\/wp\/v2\/types\/page"}],"author":[{"embeddable":true,"href":"https:\/\/cmsucupiradoriachao.ma.gov.br\/transparencia\/wp-json\/wp\/v2\/users\/10"}],"replies":[{"embeddable":true,"href":"https:\/\/cmsucupiradoriachao.ma.gov.br\/transparencia\/wp-json\/wp\/v2\/comments?post=1132"}],"version-history":[{"count":3,"href":"https:\/\/cmsucupiradoriachao.ma.gov.br\/transparencia\/wp-json\/wp\/v2\/pages\/1132\/revisions"}],"predecessor-version":[{"id":6839,"href":"https:\/\/cmsucupiradoriachao.ma.gov.br\/transparencia\/wp-json\/wp\/v2\/pages\/1132\/revisions\/6839"}],"wp:featuredmedia":[{"embeddable":true,"href":"https:\/\/cmsucupiradoriachao.ma.gov.br\/transparencia\/wp-json\/wp\/v2\/media\/6837"}],"wp:attachment":[{"href":"https:\/\/cmsucupiradoriachao.ma.gov.br\/transparencia\/wp-json\/wp\/v2\/media?parent=1132"}],"curies":[{"name":"wp","href":"https:\/\/api.w.org\/{rel}","templated":true}]}}