 {"id":1125,"date":"2019-12-13T16:59:22","date_gmt":"2019-12-13T19:59:22","guid":{"rendered":"http:\/\/cmsucupiradoriachao.ma.gov.br\/transparencia\/?page_id=1125"},"modified":"2021-08-19T16:58:55","modified_gmt":"2021-08-19T19:58:55","slug":"ldo","status":"publish","type":"page","link":"https:\/\/cmsucupiradoriachao.ma.gov.br\/transparencia\/ldo\/","title":{"rendered":"LDO &#8211; Leis de Diretrizes Or\u00e7ament\u00e1rias"},"content":{"rendered":"<p>Acesse a LDO &#8211; Leis de Diretrizes Or\u00e7ament\u00e1rias do Munic\u00edpio<\/p>\n","protected":false},"excerpt":{"rendered":"<p>Acesse a LDO &#8211; Leis de Diretrizes Or\u00e7ament\u00e1rias do Munic\u00edpio<\/p>\n","protected":false},"author":10,"featured_media":6842,"parent":0,"menu_order":0,"comment_status":"closed","ping_status":"closed","template":"ldo.php","meta":{"_acf_changed":false,"footnotes":""},"class_list":["post-1125","page","type-page","status-publish","has-post-thumbnail","hentry"],"acf":[],"_links":{"self":[{"href":"https:\/\/cmsucupiradoriachao.ma.gov.br\/transparencia\/wp-json\/wp\/v2\/pages\/1125","targetHints":{"allow":["GET"]}}],"collection":[{"href":"https:\/\/cmsucupiradoriachao.ma.gov.br\/transparencia\/wp-json\/wp\/v2\/pages"}],"about":[{"href":"https:\/\/cmsucupiradoriachao.ma.gov.br\/transparencia\/wp-json\/wp\/v2\/types\/page"}],"author":[{"embeddable":true,"href":"https:\/\/cmsucupiradoriachao.ma.gov.br\/transparencia\/wp-json\/wp\/v2\/users\/10"}],"replies":[{"embeddable":true,"href":"https:\/\/cmsucupiradoriachao.ma.gov.br\/transparencia\/wp-json\/wp\/v2\/comments?post=1125"}],"version-history":[{"count":2,"href":"https:\/\/cmsucupiradoriachao.ma.gov.br\/transparencia\/wp-json\/wp\/v2\/pages\/1125\/revisions"}],"predecessor-version":[{"id":6843,"href":"https:\/\/cmsucupiradoriachao.ma.gov.br\/transparencia\/wp-json\/wp\/v2\/pages\/1125\/revisions\/6843"}],"wp:featuredmedia":[{"embeddable":true,"href":"https:\/\/cmsucupiradoriachao.ma.gov.br\/transparencia\/wp-json\/wp\/v2\/media\/6842"}],"wp:attachment":[{"href":"https:\/\/cmsucupiradoriachao.ma.gov.br\/transparencia\/wp-json\/wp\/v2\/media?parent=1125"}],"curies":[{"name":"wp","href":"https:\/\/api.w.org\/{rel}","templated":true}]}}