 {"id":10973,"date":"2020-08-08T23:38:44","date_gmt":"2020-08-09T02:38:44","guid":{"rendered":"https:\/\/cmsucupiradoriachao.ma.gov.br\/transparencia\/?page_id=10973"},"modified":"2023-10-24T08:23:31","modified_gmt":"2023-10-24T11:23:31","slug":"balanco-geral","status":"publish","type":"page","link":"https:\/\/cmsucupiradoriachao.ma.gov.br\/transparencia\/balanco-geral\/","title":{"rendered":"Balan\u00e7o Geral"},"content":{"rendered":"<p>Acesse a Presta\u00e7\u00e3o de Contas(Balan\u00e7o Geral)<\/p>\n<div id=\"footable_parent_11393\"\n         class=\" footable_parent ninja_table_wrapper loading_ninja_table wp_table_data_press_parent semantic_ui colored_table\">\n                <table data-ninja_table_instance=\"ninja_table_instance_0\" data-footable_id=\"11393\" data-filter-delay=\"1000\" aria-label=\"Balan\u00e7o Geral\"            id=\"footable_11393\"\n           data-unique_identifier=\"ninja_table_unique_id_3405272601_11393\"\n           class=\" foo-table ninja_footable foo_table_11393 ninja_table_unique_id_3405272601_11393 ui table  white nt_type_legacy_table selectable striped vertical_centered inverted footable-paging-right ninja_table_pro ninja_table_afd_inline ninja_table_has_custom_filter\">\n                <colgroup>\n                            <col class=\"ninja_column_0 \">\n                            <col class=\"ninja_column_1 \">\n                            <col class=\"ninja_column_2 \">\n                            <col class=\"ninja_column_3 \">\n                    <\/colgroup>\n        <thead>\n<tr class=\"footable-header\">\n                                                                        <th scope=\"col\"  class=\"ninja_column_0 ninja_clmn_nm_posttitle \">Descri\u00e7\u00e3o<\/th><th scope=\"col\"  class=\"ninja_column_1 ninja_clmn_nm_postdate \">Data da Publica\u00e7\u00e3o<\/th><th scope=\"col\"  class=\"ninja_column_2 ninja_clmn_nm_balancogeralano \">Ano<\/th><th scope=\"col\"  class=\"ninja_column_3 ninja_clmn_nm_download \">Download<\/th><\/tr>\n<\/thead>\n<tbody>\n\n        <tr data-row_id=\"0\" class=\"ninja_table_row_0 nt_row_id_0\">\n            <td>BALAN\u00c7O GERAL 2025<\/td><td>31\/12\/\/2025<\/td><td>2025<\/td><td><a target=\"_blank\"  class=\"nt_btn nt_rounded_btn\" style=\"color: rgba(250, 250, 250, 1);background-color: rgba(19, 191, 151, 1);border-color: rgba(19, 191, 151, 1);\" rel=\"\" href=\"https:\/\/cmsucupiradoriachao.ma.gov.br\/transparencia\/wp-content\/uploads\/2026\/03\/PRESTACAO-DE-CONTAS-2025-LEGISLATIVO.pdf\">Download<\/a><\/td>        <\/tr>\n            <tr data-row_id=\"1\" class=\"ninja_table_row_1 nt_row_id_1\">\n            <td>BALAN\u00c7O GERAL 2024<\/td><td>13\/03\/\/2025<\/td><td>2024, 2024<\/td><td><a target=\"_blank\"  class=\"nt_btn nt_rounded_btn\" style=\"color: rgba(250, 250, 250, 1);background-color: rgba(19, 191, 151, 1);border-color: rgba(19, 191, 151, 1);\" rel=\"\" href=\"https:\/\/cmsucupiradoriachao.ma.gov.br\/transparencia\/wp-content\/uploads\/2026\/03\/BALANCO-GERAL-EXERCICIO-2024.pdf\">Download<\/a><\/td>        <\/tr>\n            <tr data-row_id=\"2\" class=\"ninja_table_row_2 nt_row_id_2\">\n            <td>BALAN\u00c7O GERAL 2023<\/td><td>31\/12\/\/2023<\/td><td>2023<\/td><td><a target=\"_blank\"  class=\"nt_btn nt_rounded_btn\" style=\"color: rgba(250, 250, 250, 1);background-color: rgba(19, 191, 151, 1);border-color: rgba(19, 191, 151, 1);\" rel=\"\" href=\"https:\/\/cmsucupiradoriachao.ma.gov.br\/transparencia\/wp-content\/uploads\/2024\/05\/Balanco-Geral_2023.pdf\">Download<\/a><\/td>        <\/tr>\n            <tr data-row_id=\"3\" class=\"ninja_table_row_3 nt_row_id_3\">\n            <td>BALAN\u00c7O GERAL 2022<\/td><td>31\/12\/\/2022<\/td><td>2022<\/td><td><a target=\"_blank\"  class=\"nt_btn nt_rounded_btn\" style=\"color: rgba(250, 250, 250, 1);background-color: rgba(19, 191, 151, 1);border-color: rgba(19, 191, 151, 1);\" rel=\"\" href=\"https:\/\/cmsucupiradoriachao.ma.gov.br\/transparencia\/wp-content\/uploads\/2024\/05\/Balanco-Geral_2022.pdf\">Download<\/a><\/td>        <\/tr>\n            <tr data-row_id=\"4\" class=\"ninja_table_row_4 nt_row_id_4\">\n            <td>BALAN\u00c7O GERAL 2021<\/td><td>31\/12\/\/2021<\/td><td>2021<\/td><td><a target=\"_blank\"  class=\"nt_btn nt_rounded_btn\" style=\"color: rgba(250, 250, 250, 1);background-color: rgba(19, 191, 151, 1);border-color: rgba(19, 191, 151, 1);\" rel=\"\" href=\"https:\/\/cmsucupiradoriachao.ma.gov.br\/transparencia\/wp-content\/uploads\/2024\/05\/Balanco-Geral_2021.pdf\">Download<\/a><\/td>        <\/tr>\n    <\/tbody><!--ninja_tobody_rendering_done-->\n    <\/table>\n    \n    \n    \n<\/div>\n\n","protected":false},"excerpt":{"rendered":"<p>Acesse a Presta\u00e7\u00e3o de Contas(Balan\u00e7o Geral)<\/p>\n","protected":false},"author":10,"featured_media":0,"parent":0,"menu_order":0,"comment_status":"closed","ping_status":"closed","template":"","meta":{"_acf_changed":false,"footnotes":""},"class_list":["post-10973","page","type-page","status-publish","hentry"],"acf":[],"_links":{"self":[{"href":"https:\/\/cmsucupiradoriachao.ma.gov.br\/transparencia\/wp-json\/wp\/v2\/pages\/10973","targetHints":{"allow":["GET"]}}],"collection":[{"href":"https:\/\/cmsucupiradoriachao.ma.gov.br\/transparencia\/wp-json\/wp\/v2\/pages"}],"about":[{"href":"https:\/\/cmsucupiradoriachao.ma.gov.br\/transparencia\/wp-json\/wp\/v2\/types\/page"}],"author":[{"embeddable":true,"href":"https:\/\/cmsucupiradoriachao.ma.gov.br\/transparencia\/wp-json\/wp\/v2\/users\/10"}],"replies":[{"embeddable":true,"href":"https:\/\/cmsucupiradoriachao.ma.gov.br\/transparencia\/wp-json\/wp\/v2\/comments?post=10973"}],"version-history":[{"count":2,"href":"https:\/\/cmsucupiradoriachao.ma.gov.br\/transparencia\/wp-json\/wp\/v2\/pages\/10973\/revisions"}],"predecessor-version":[{"id":11394,"href":"https:\/\/cmsucupiradoriachao.ma.gov.br\/transparencia\/wp-json\/wp\/v2\/pages\/10973\/revisions\/11394"}],"wp:attachment":[{"href":"https:\/\/cmsucupiradoriachao.ma.gov.br\/transparencia\/wp-json\/wp\/v2\/media?parent=10973"}],"curies":[{"name":"wp","href":"https:\/\/api.w.org\/{rel}","templated":true}]}}