 {"id":10952,"date":"2020-08-08T23:23:36","date_gmt":"2020-08-09T02:23:36","guid":{"rendered":"https:\/\/cmsucupiradoriachao.ma.gov.br\/transparencia\/?page_id=10952"},"modified":"2023-10-24T08:40:16","modified_gmt":"2023-10-24T11:40:16","slug":"transferencias-voluntarias-recebidas-concedidas","status":"publish","type":"page","link":"https:\/\/cmsucupiradoriachao.ma.gov.br\/transparencia\/transferencias-voluntarias-recebidas-concedidas\/","title":{"rendered":"Transfer\u00eancias Volunt\u00e1rias Recebidas\/Concedidas"},"content":{"rendered":"<p>Acesse as Transfer\u00eancias Volunt\u00e1rias Recebidas\/Concedidas<\/p>\n<div id=\"footable_parent_11407\"\n         class=\" footable_parent ninja_table_wrapper loading_ninja_table wp_table_data_press_parent semantic_ui colored_table\">\n                <table data-ninja_table_instance=\"ninja_table_instance_0\" data-footable_id=\"11407\" data-filter-delay=\"1000\" aria-label=\"Transfer\u00eancias Volunt\u00e1rias Recebidas\/Concedidas\"            id=\"footable_11407\"\n           data-unique_identifier=\"ninja_table_unique_id_3689269420_11407\"\n           class=\" foo-table ninja_footable foo_table_11407 ninja_table_unique_id_3689269420_11407 ui table  white nt_type_legacy_table selectable striped vertical_centered inverted footable-paging-right ninja_table_pro ninja_table_afd_inline ninja_table_has_custom_filter\">\n                <colgroup>\n                            <col class=\"ninja_column_0 \">\n                            <col class=\"ninja_column_1 \">\n                            <col class=\"ninja_column_2 \">\n                            <col class=\"ninja_column_3 \">\n                    <\/colgroup>\n        <thead>\n<tr class=\"footable-header\">\n                                                                        <th scope=\"col\"  class=\"ninja_column_0 ninja_clmn_nm_posttitle \">Descri\u00e7\u00e3o<\/th><th scope=\"col\"  class=\"ninja_column_1 ninja_clmn_nm_postdate \">Data da Publica\u00e7\u00e3o<\/th><th scope=\"col\"  class=\"ninja_column_2 ninja_clmn_nm_transferenciasvolunano \">Ano<\/th><th scope=\"col\"  class=\"ninja_column_3 ninja_clmn_nm_download \">Download<\/th><\/tr>\n<\/thead>\n<tbody>\n\n        <tr data-row_id=\"0\" class=\"ninja_table_row_0 nt_row_id_0\">\n            <td>Transfer\u00eancias Voluntarias Recebidas (FEVEREIRO 2026)<\/td><td>02\/03\/\/2026<\/td><td>2026<\/td><td><a target=\"_blank\"  class=\"nt_btn nt_rounded_btn\" style=\"color: rgba(250, 250, 250, 1);background-color: rgba(19, 191, 151, 1);border-color: rgba(19, 191, 151, 1);\" rel=\"\" href=\"https:\/\/cmsucupiradoriachao.ma.gov.br\/transparencia\/wp-content\/uploads\/2026\/03\/Dec_Transferencias_Voluntarias_FEVEREIRO_2026_assinado.pdf\">Download<\/a><\/td>        <\/tr>\n            <tr data-row_id=\"1\" class=\"ninja_table_row_1 nt_row_id_1\">\n            <td>Transfer\u00eancias Voluntarias Recebidas (JANEIRO 2025)<\/td><td>02\/02\/\/2026<\/td><td>2026<\/td><td><a target=\"_blank\"  class=\"nt_btn nt_rounded_btn\" style=\"color: rgba(250, 250, 250, 1);background-color: rgba(19, 191, 151, 1);border-color: rgba(19, 191, 151, 1);\" rel=\"\" href=\"https:\/\/cmsucupiradoriachao.ma.gov.br\/transparencia\/wp-content\/uploads\/2026\/03\/Dec_Transferencias_Voluntarias_JANEIRO_2026_assinado.pdf\">Download<\/a><\/td>        <\/tr>\n            <tr data-row_id=\"2\" class=\"ninja_table_row_2 nt_row_id_2\">\n            <td>Transfer\u00eancias Voluntarias Recebidas (DEZEMBRO 2025)<\/td><td>26\/01\/\/2026<\/td><td>2025<\/td><td><a target=\"_blank\"  class=\"nt_btn nt_rounded_btn\" style=\"color: rgba(250, 250, 250, 1);background-color: rgba(19, 191, 151, 1);border-color: rgba(19, 191, 151, 1);\" rel=\"\" href=\"https:\/\/cmsucupiradoriachao.ma.gov.br\/transparencia\/wp-content\/uploads\/2026\/01\/Dec_Transferencias_Voluntarias_DEZEMBRO_2025_assinado.pdf\">Download<\/a><\/td>        <\/tr>\n            <tr data-row_id=\"3\" class=\"ninja_table_row_3 nt_row_id_3\">\n            <td>Transfer\u00eancias Voluntarias Recebidas (NOVEMBRO 2025)<\/td><td>08\/12\/\/2025<\/td><td>2025<\/td><td><a target=\"_blank\"  class=\"nt_btn nt_rounded_btn\" style=\"color: rgba(250, 250, 250, 1);background-color: rgba(19, 191, 151, 1);border-color: rgba(19, 191, 151, 1);\" rel=\"\" href=\"https:\/\/cmsucupiradoriachao.ma.gov.br\/transparencia\/wp-content\/uploads\/2025\/12\/DecTransferencias_Vountarias_2025_NOVEMBRO_2025_assinado.pdf\">Download<\/a><\/td>        <\/tr>\n            <tr data-row_id=\"4\" class=\"ninja_table_row_4 nt_row_id_4\">\n            <td>Transfer\u00eancias Voluntarias Recebidas (OUTUBRO 2025)<\/td><td>03\/11\/\/2025<\/td><td>2025<\/td><td><a target=\"_blank\"  class=\"nt_btn nt_rounded_btn\" style=\"color: rgba(250, 250, 250, 1);background-color: rgba(19, 191, 151, 1);border-color: rgba(19, 191, 151, 1);\" rel=\"\" href=\"https:\/\/cmsucupiradoriachao.ma.gov.br\/transparencia\/wp-content\/uploads\/2025\/11\/DecTransferencias_Vountarias_2025_OUTUBRO_2025_assinado.pdf\">Download<\/a><\/td>        <\/tr>\n            <tr data-row_id=\"5\" class=\"ninja_table_row_5 nt_row_id_5\">\n            <td>Transfer\u00eancias Voluntarias Recebidas (SETEMBRO 2025)<\/td><td>02\/10\/\/2025<\/td><td>2025<\/td><td><a target=\"_blank\"  class=\"nt_btn nt_rounded_btn\" style=\"color: rgba(250, 250, 250, 1);background-color: rgba(19, 191, 151, 1);border-color: rgba(19, 191, 151, 1);\" rel=\"\" href=\"https:\/\/cmsucupiradoriachao.ma.gov.br\/transparencia\/wp-content\/uploads\/2025\/10\/DecTransferencias_Vountarias_2025_SETEMBRO_2025_assinado.pdf\">Download<\/a><\/td>        <\/tr>\n            <tr data-row_id=\"6\" class=\"ninja_table_row_6 nt_row_id_6\">\n            <td>Transfer\u00eancias Voluntarias Recebidas (AGOSTO 2025)<\/td><td>05\/09\/\/2025<\/td><td>2025<\/td><td><a target=\"_blank\"  class=\"nt_btn nt_rounded_btn\" style=\"color: rgba(250, 250, 250, 1);background-color: rgba(19, 191, 151, 1);border-color: rgba(19, 191, 151, 1);\" rel=\"\" href=\"https:\/\/cmsucupiradoriachao.ma.gov.br\/transparencia\/wp-content\/uploads\/2025\/09\/DecTransferencias_Vountarias_2025_AGOSTO_2025_assinado.pdf\">Download<\/a><\/td>        <\/tr>\n            <tr data-row_id=\"7\" class=\"ninja_table_row_7 nt_row_id_7\">\n            <td>Transfer\u00eancias Voluntarias Recebidas (JULHO 2025)<\/td><td>01\/08\/\/2025<\/td><td>2025<\/td><td><a target=\"_blank\"  class=\"nt_btn nt_rounded_btn\" style=\"color: rgba(250, 250, 250, 1);background-color: rgba(19, 191, 151, 1);border-color: rgba(19, 191, 151, 1);\" rel=\"\" href=\"https:\/\/cmsucupiradoriachao.ma.gov.br\/transparencia\/wp-content\/uploads\/2025\/08\/DecTransferencias_Vountarias_2025_JULHO_2025_assinado.pdf\">Download<\/a><\/td>        <\/tr>\n            <tr data-row_id=\"8\" class=\"ninja_table_row_8 nt_row_id_8\">\n            <td>Transfer\u00eancias Voluntarias Recebidas (JUNHO 2025)<\/td><td>01\/07\/\/2025<\/td><td>2025<\/td><td><a target=\"_blank\"  class=\"nt_btn nt_rounded_btn\" style=\"color: rgba(250, 250, 250, 1);background-color: rgba(19, 191, 151, 1);border-color: rgba(19, 191, 151, 1);\" rel=\"\" href=\"https:\/\/cmsucupiradoriachao.ma.gov.br\/transparencia\/wp-content\/uploads\/2025\/07\/DecTransferencias_Vountarias_2025_JUNHO_2025_assinado.pdf\">Download<\/a><\/td>        <\/tr>\n            <tr data-row_id=\"9\" class=\"ninja_table_row_9 nt_row_id_9\">\n            <td>Transfer\u00eancias Voluntarias Recebidas (MAIO 2025)<\/td><td>06\/06\/\/2025<\/td><td>2025<\/td><td><a target=\"_blank\"  class=\"nt_btn nt_rounded_btn\" style=\"color: rgba(250, 250, 250, 1);background-color: rgba(19, 191, 151, 1);border-color: rgba(19, 191, 151, 1);\" rel=\"\" href=\"https:\/\/cmsucupiradoriachao.ma.gov.br\/transparencia\/wp-content\/uploads\/2025\/06\/DecTransferencias_Vountarias_2025_MAIO_assinado.pdf\">Download<\/a><\/td>        <\/tr>\n            <tr data-row_id=\"10\" class=\"ninja_table_row_10 nt_row_id_10\">\n            <td>Transfer\u00eancias Voluntarias Recebidas (ABRIL 2025)<\/td><td>14\/05\/\/2025<\/td><td>2025<\/td><td><a target=\"_blank\"  class=\"nt_btn nt_rounded_btn\" style=\"color: rgba(250, 250, 250, 1);background-color: rgba(19, 191, 151, 1);border-color: rgba(19, 191, 151, 1);\" rel=\"\" href=\"https:\/\/cmsucupiradoriachao.ma.gov.br\/transparencia\/wp-content\/uploads\/2025\/05\/DecTransferencias_Vountarias_2025_ABRIL_assinado.pdf\">Download<\/a><\/td>        <\/tr>\n            <tr data-row_id=\"11\" class=\"ninja_table_row_11 nt_row_id_11\">\n            <td>Transfer\u00eancias Voluntarias Recebidas (MAR\u00c7O 2025)<\/td><td>03\/04\/\/2025<\/td><td>2025<\/td><td><a target=\"_blank\"  class=\"nt_btn nt_rounded_btn\" style=\"color: rgba(250, 250, 250, 1);background-color: rgba(19, 191, 151, 1);border-color: rgba(19, 191, 151, 1);\" rel=\"\" href=\"https:\/\/cmsucupiradoriachao.ma.gov.br\/transparencia\/wp-content\/uploads\/2025\/04\/DecTransferencias_Vountarias_2025_MARCO_assinado.pdf\">Download<\/a><\/td>        <\/tr>\n            <tr data-row_id=\"12\" class=\"ninja_table_row_12 nt_row_id_12\">\n            <td>Transfer\u00eancias Voluntarias Recebidas (FEVEREIRO 2025)<\/td><td>03\/03\/\/2025<\/td><td>2025<\/td><td><a target=\"_blank\"  class=\"nt_btn nt_rounded_btn\" style=\"color: rgba(250, 250, 250, 1);background-color: rgba(19, 191, 151, 1);border-color: rgba(19, 191, 151, 1);\" rel=\"\" href=\"https:\/\/cmsucupiradoriachao.ma.gov.br\/transparencia\/wp-content\/uploads\/2025\/03\/DecTransferencias_Vountarias_fevereiro_assinado.pdf\">Download<\/a><\/td>        <\/tr>\n            <tr data-row_id=\"13\" class=\"ninja_table_row_13 nt_row_id_13\">\n            <td>Transfer\u00eancias Voluntarias Recebidas (JANEIRO 2025)<\/td><td>03\/02\/\/2025<\/td><td>2025<\/td><td><a target=\"_blank\"  class=\"nt_btn nt_rounded_btn\" style=\"color: rgba(250, 250, 250, 1);background-color: rgba(19, 191, 151, 1);border-color: rgba(19, 191, 151, 1);\" rel=\"\" href=\"https:\/\/cmsucupiradoriachao.ma.gov.br\/transparencia\/wp-content\/uploads\/2025\/03\/DecTransferencias_Vountarias_Janeiro_2025_assinado.pdf\">Download<\/a><\/td>        <\/tr>\n            <tr data-row_id=\"14\" class=\"ninja_table_row_14 nt_row_id_14\">\n            <td>Transfer\u00eancias Voluntarias Recebidas (NOVEMBRO 2024)<\/td><td>04\/12\/\/2024<\/td><td>2024<\/td><td><a target=\"_blank\"  class=\"nt_btn nt_rounded_btn\" style=\"color: rgba(250, 250, 250, 1);background-color: rgba(19, 191, 151, 1);border-color: rgba(19, 191, 151, 1);\" rel=\"\" href=\"https:\/\/cmsucupiradoriachao.ma.gov.br\/transparencia\/wp-content\/uploads\/2024\/12\/DECLARACAO_Transferencias_Voluntarias_Recebidas_Concedidas_assinado-2.pdf\">Download<\/a><\/td>        <\/tr>\n            <tr data-row_id=\"15\" class=\"ninja_table_row_15 nt_row_id_15\">\n            <td>Transfer\u00eancias Voluntarias Recebidas (DEZEMBRO 2024)<\/td><td>02\/12\/\/2024<\/td><td>2024<\/td><td><a target=\"_blank\"  class=\"nt_btn nt_rounded_btn\" style=\"color: rgba(250, 250, 250, 1);background-color: rgba(19, 191, 151, 1);border-color: rgba(19, 191, 151, 1);\" rel=\"\" href=\"https:\/\/cmsucupiradoriachao.ma.gov.br\/transparencia\/wp-content\/uploads\/2025\/03\/DecTransferencias_Vountarias_Dezembro_2024_assinado.pdf\">Download<\/a><\/td>        <\/tr>\n            <tr data-row_id=\"16\" class=\"ninja_table_row_16 nt_row_id_16\">\n            <td>Transfer\u00eancias Voluntarias Recebidas (OUTUBRO 2024)<\/td><td>04\/11\/\/2024<\/td><td>2024<\/td><td><a target=\"_blank\"  class=\"nt_btn nt_rounded_btn\" style=\"color: rgba(250, 250, 250, 1);background-color: rgba(19, 191, 151, 1);border-color: rgba(19, 191, 151, 1);\" rel=\"\" href=\"https:\/\/cmsucupiradoriachao.ma.gov.br\/transparencia\/wp-content\/uploads\/2024\/11\/DECLARACAO_Transferencias_Voluntarias_Recebidas_Concedidas_assinado-1.pdf\">Download<\/a><\/td>        <\/tr>\n            <tr data-row_id=\"17\" class=\"ninja_table_row_17 nt_row_id_17\">\n            <td>Transfer\u00eancias Voluntarias Recebidas (SETEMBRO 2024)<\/td><td>03\/10\/\/2024<\/td><td>2024<\/td><td><a target=\"_blank\"  class=\"nt_btn nt_rounded_btn\" style=\"color: rgba(250, 250, 250, 1);background-color: rgba(19, 191, 151, 1);border-color: rgba(19, 191, 151, 1);\" rel=\"\" href=\"https:\/\/cmsucupiradoriachao.ma.gov.br\/transparencia\/wp-content\/uploads\/2024\/10\/DECLARACAO_Transferencias_Voluntarias_Recebidas_Concedidas_assinado.pdf\">Download<\/a><\/td>        <\/tr>\n            <tr data-row_id=\"18\" class=\"ninja_table_row_18 nt_row_id_18\">\n            <td>Transfer\u00eancias Voluntarias Recebidas (AGOSTO 2024)<\/td><td>02\/09\/\/2024<\/td><td>2024<\/td><td><a target=\"_blank\"  class=\"nt_btn nt_rounded_btn\" style=\"color: rgba(250, 250, 250, 1);background-color: rgba(19, 191, 151, 1);border-color: rgba(19, 191, 151, 1);\" rel=\"\" href=\"https:\/\/cmsucupiradoriachao.ma.gov.br\/transparencia\/wp-content\/uploads\/2024\/09\/DECLARACAO_Transferencias_Voluntarias_Recebidas_Concedidas_AGOSTO.pdf\">Download<\/a><\/td>        <\/tr>\n            <tr data-row_id=\"19\" class=\"ninja_table_row_19 nt_row_id_19\">\n            <td>Transfer\u00eancias Voluntarias Recebidas (JULHO 2024)<\/td><td>01\/08\/\/2024<\/td><td>2024<\/td><td><a target=\"_blank\"  class=\"nt_btn nt_rounded_btn\" style=\"color: rgba(250, 250, 250, 1);background-color: rgba(19, 191, 151, 1);border-color: rgba(19, 191, 151, 1);\" rel=\"\" href=\"https:\/\/cmsucupiradoriachao.ma.gov.br\/transparencia\/wp-content\/uploads\/2024\/08\/07-DECLARACAO_Transferencias_Voluntarias_Recebidas_Concedidas_assinado-julho.pdf\">Download<\/a><\/td>        <\/tr>\n            <tr data-row_id=\"20\" class=\"ninja_table_row_20 nt_row_id_20\">\n            <td>Transfer\u00eancias Voluntarias Recebidas (JUNHO 2024)<\/td><td>01\/07\/\/2024<\/td><td>2024<\/td><td><a target=\"_blank\"  class=\"nt_btn nt_rounded_btn\" style=\"color: rgba(250, 250, 250, 1);background-color: rgba(19, 191, 151, 1);border-color: rgba(19, 191, 151, 1);\" rel=\"\" href=\"https:\/\/cmsucupiradoriachao.ma.gov.br\/transparencia\/wp-content\/uploads\/2024\/07\/DECLARACAO_Transferencias_Voluntarias_Recebidas_Concedidas_assinado-4.pdf\">Download<\/a><\/td>        <\/tr>\n            <tr data-row_id=\"21\" class=\"ninja_table_row_21 nt_row_id_21\">\n            <td>Transfer\u00eancias Voluntarias Recebidas (MAIO 2024)<\/td><td>04\/06\/\/2024<\/td><td>2024<\/td><td><a target=\"_blank\"  class=\"nt_btn nt_rounded_btn\" style=\"color: rgba(250, 250, 250, 1);background-color: rgba(19, 191, 151, 1);border-color: rgba(19, 191, 151, 1);\" rel=\"\" href=\"https:\/\/cmsucupiradoriachao.ma.gov.br\/transparencia\/wp-content\/uploads\/2024\/06\/05-DECLARACAO_Transferencias_Voluntarias_Recebidas_Concedidas_assinado-3.pdf\">Download<\/a><\/td>        <\/tr>\n            <tr data-row_id=\"22\" class=\"ninja_table_row_22 nt_row_id_22\">\n            <td>Transfer\u00eancias Voluntarias Recebidas (ABRIL 2024)<\/td><td>09\/05\/\/2024<\/td><td>2024<\/td><td><a target=\"_blank\"  class=\"nt_btn nt_rounded_btn\" style=\"color: rgba(250, 250, 250, 1);background-color: rgba(19, 191, 151, 1);border-color: rgba(19, 191, 151, 1);\" rel=\"\" href=\"https:\/\/cmsucupiradoriachao.ma.gov.br\/transparencia\/wp-content\/uploads\/2024\/05\/04-DECLARACAO_Transferencias_Voluntarias_Recebidas_Concedidas_assinado-3.pdf\">Download<\/a><\/td>        <\/tr>\n            <tr data-row_id=\"23\" class=\"ninja_table_row_23 nt_row_id_23\">\n            <td>Transferencias Voluntarias Recebidas (MAR\u00c7O 2024)<\/td><td>11\/04\/\/2024<\/td><td>2024<\/td><td><a target=\"_blank\"  class=\"nt_btn nt_rounded_btn\" style=\"color: rgba(250, 250, 250, 1);background-color: rgba(19, 191, 151, 1);border-color: rgba(19, 191, 151, 1);\" rel=\"\" href=\"https:\/\/cmsucupiradoriachao.ma.gov.br\/transparencia\/wp-content\/uploads\/2024\/04\/03-DECLARACAO_Transferencias_Voluntarias_Recebidas_Concedidas-MARCO-2024.pdf\">Download<\/a><\/td>        <\/tr>\n            <tr data-row_id=\"24\" class=\"ninja_table_row_24 nt_row_id_24\">\n            <td>Transfer\u00eancia Volunt\u00e1rias Recebidas (2020)<\/td><td>11\/03\/\/2024<\/td><td>2020<\/td><td><a target=\"_blank\"  class=\"nt_btn nt_rounded_btn\" style=\"color: rgba(250, 250, 250, 1);background-color: rgba(19, 191, 151, 1);border-color: rgba(19, 191, 151, 1);\" rel=\"\" href=\"https:\/\/cmsucupiradoriachao.ma.gov.br\/transparencia\/wp-content\/uploads\/2024\/03\/Transferencia-Voluntarias-Recebidas-2020.pdf\">Download<\/a><\/td>        <\/tr>\n            <tr data-row_id=\"25\" class=\"ninja_table_row_25 nt_row_id_25\">\n            <td>Transfer\u00eancias Volunt\u00e1rias Recebidas\/Concedidas (2021)<\/td><td>11\/03\/\/2024<\/td><td>2021<\/td><td><a target=\"_blank\"  class=\"nt_btn nt_rounded_btn\" style=\"color: rgba(250, 250, 250, 1);background-color: rgba(19, 191, 151, 1);border-color: rgba(19, 191, 151, 1);\" rel=\"\" href=\"https:\/\/cmsucupiradoriachao.ma.gov.br\/transparencia\/wp-content\/uploads\/2024\/03\/Transferencias-Voluntarias-Recebidas-2021.pdf\">Download<\/a><\/td>        <\/tr>\n            <tr data-row_id=\"26\" class=\"ninja_table_row_26 nt_row_id_26\">\n            <td>Declara\u00e7\u00e3o Transfer\u00eancias Volunt\u00e1rias Recebidas e Concedidas (2022)<\/td><td>11\/03\/\/2024<\/td><td>2022<\/td><td><a target=\"_blank\"  class=\"nt_btn nt_rounded_btn\" style=\"color: rgba(250, 250, 250, 1);background-color: rgba(19, 191, 151, 1);border-color: rgba(19, 191, 151, 1);\" rel=\"\" href=\"https:\/\/cmsucupiradoriachao.ma.gov.br\/transparencia\/wp-content\/uploads\/2024\/03\/DECLARACAO_Transferencias_Voluntarias_Recebidas-1.pdf\">Download<\/a><\/td>        <\/tr>\n            <tr data-row_id=\"27\" class=\"ninja_table_row_27 nt_row_id_27\">\n            <td>Transferencias Voluntarias Recebidas (FEVEREIRO 2024)<\/td><td>11\/03\/\/2024<\/td><td>2024<\/td><td><a target=\"_blank\"  class=\"nt_btn nt_rounded_btn\" style=\"color: rgba(250, 250, 250, 1);background-color: rgba(19, 191, 151, 1);border-color: rgba(19, 191, 151, 1);\" rel=\"\" href=\"https:\/\/cmsucupiradoriachao.ma.gov.br\/transparencia\/wp-content\/uploads\/2024\/03\/DECLARACAO_Transferencias_Voluntarias_Recebidas.pdf\">Download<\/a><\/td>        <\/tr>\n            <tr data-row_id=\"28\" class=\"ninja_table_row_28 nt_row_id_28\">\n            <td>Transfer\u00eancias Volunt\u00e1rias Recebidas\/Concedidas Declara\u00e7\u00e3o (JANEIRO 2024))<\/td><td>09\/02\/\/2024<\/td><td>2024<\/td><td><a target=\"_blank\"  class=\"nt_btn nt_rounded_btn\" style=\"color: rgba(250, 250, 250, 1);background-color: rgba(19, 191, 151, 1);border-color: rgba(19, 191, 151, 1);\" rel=\"\" href=\"https:\/\/cmsucupiradoriachao.ma.gov.br\/transparencia\/wp-content\/uploads\/2024\/02\/CamScanner-23-02-2024-08.57.pdf\">Download<\/a><\/td>        <\/tr>\n            <tr data-row_id=\"29\" class=\"ninja_table_row_29 nt_row_id_29\">\n            <td>Transfer\u00eancias Volunt\u00e1rias Recebidas\/Concedidas - Declara\u00e7\u00e3o (DEZEMBRO)<\/td><td>12\/01\/\/2024<\/td><td>2023<\/td><td><a target=\"_blank\"  class=\"nt_btn nt_rounded_btn\" style=\"color: rgba(250, 250, 250, 1);background-color: rgba(19, 191, 151, 1);border-color: rgba(19, 191, 151, 1);\" rel=\"\" href=\"https:\/\/cmsucupiradoriachao.ma.gov.br\/transparencia\/wp-content\/uploads\/2024\/01\/Transferencias-Voluntarias-Recebidas-DEZEMBRO.pdf\">Download<\/a><\/td>        <\/tr>\n            <tr data-row_id=\"30\" class=\"ninja_table_row_30 nt_row_id_30\">\n            <td>Transfer\u00eancias Volunt\u00e1rias Recebidas\/Concedidas - Declara\u00e7\u00e3o (NOVEMBRO)<\/td><td>05\/12\/\/2023<\/td><td>2023<\/td><td><a target=\"_blank\"  class=\"nt_btn nt_rounded_btn\" style=\"color: rgba(250, 250, 250, 1);background-color: rgba(19, 191, 151, 1);border-color: rgba(19, 191, 151, 1);\" rel=\"\" href=\"https:\/\/cmsucupiradoriachao.ma.gov.br\/transparencia\/wp-content\/uploads\/2023\/12\/DECL-TRANSFERENCIA-.pdf\">Download<\/a><\/td>        <\/tr>\n            <tr data-row_id=\"31\" class=\"ninja_table_row_31 nt_row_id_31\">\n            <td>Transfer\u00eancias Volunt\u00e1rias Recebidas\/Concedidas - Declara\u00e7\u00e3o (OUTUBRO)<\/td><td>06\/11\/\/2023<\/td><td>2023<\/td><td><a target=\"_blank\"  class=\"nt_btn nt_rounded_btn\" style=\"color: rgba(250, 250, 250, 1);background-color: rgba(19, 191, 151, 1);border-color: rgba(19, 191, 151, 1);\" rel=\"\" href=\"https:\/\/cmsucupiradoriachao.ma.gov.br\/transparencia\/wp-content\/uploads\/2023\/12\/DECLARACAO-TRANSFERENCIA-VOLUNTARIAS.pdf\">Download<\/a><\/td>        <\/tr>\n            <tr data-row_id=\"32\" class=\"ninja_table_row_32 nt_row_id_32\">\n            <td>Transfer\u00eancias Volunt\u00e1rias Recebidas\/Concedidas - Declara\u00e7\u00e3o<\/td><td>06\/11\/\/2023<\/td><td>2023<\/td><td><a target=\"_blank\"  class=\"nt_btn nt_rounded_btn\" style=\"color: rgba(250, 250, 250, 1);background-color: rgba(19, 191, 151, 1);border-color: rgba(19, 191, 151, 1);\" rel=\"\" href=\"https:\/\/cmsucupiradoriachao.ma.gov.br\/transparencia\/wp-content\/uploads\/2023\/12\/DECLARACAO-TRASNSFERENCIAS.pdf\">Download<\/a><\/td>        <\/tr>\n            <tr data-row_id=\"33\" class=\"ninja_table_row_33 nt_row_id_33\">\n            <td>Transfer\u00eancias Volunt\u00e1rias Recebidas\/Concedidas - Declara\u00e7\u00e3o<\/td><td>02\/10\/\/2023<\/td><td>2023<\/td><td><a target=\"_blank\"  class=\"nt_btn nt_rounded_btn\" style=\"color: rgba(250, 250, 250, 1);background-color: rgba(19, 191, 151, 1);border-color: rgba(19, 191, 151, 1);\" rel=\"\" href=\"https:\/\/cmsucupiradoriachao.ma.gov.br\/transparencia\/wp-content\/uploads\/2023\/10\/CamScanner-20-10-2023-09.491-2.pdf\">Download<\/a><\/td>        <\/tr>\n    <\/tbody><!--ninja_tobody_rendering_done-->\n    <\/table>\n    \n    \n    \n<\/div>\n\n","protected":false},"excerpt":{"rendered":"<p>Acesse as Transfer\u00eancias Volunt\u00e1rias Recebidas\/Concedidas<\/p>\n","protected":false},"author":10,"featured_media":0,"parent":0,"menu_order":0,"comment_status":"closed","ping_status":"closed","template":"","meta":{"_acf_changed":false,"footnotes":""},"class_list":["post-10952","page","type-page","status-publish","hentry"],"acf":[],"_links":{"self":[{"href":"https:\/\/cmsucupiradoriachao.ma.gov.br\/transparencia\/wp-json\/wp\/v2\/pages\/10952","targetHints":{"allow":["GET"]}}],"collection":[{"href":"https:\/\/cmsucupiradoriachao.ma.gov.br\/transparencia\/wp-json\/wp\/v2\/pages"}],"about":[{"href":"https:\/\/cmsucupiradoriachao.ma.gov.br\/transparencia\/wp-json\/wp\/v2\/types\/page"}],"author":[{"embeddable":true,"href":"https:\/\/cmsucupiradoriachao.ma.gov.br\/transparencia\/wp-json\/wp\/v2\/users\/10"}],"replies":[{"embeddable":true,"href":"https:\/\/cmsucupiradoriachao.ma.gov.br\/transparencia\/wp-json\/wp\/v2\/comments?post=10952"}],"version-history":[{"count":2,"href":"https:\/\/cmsucupiradoriachao.ma.gov.br\/transparencia\/wp-json\/wp\/v2\/pages\/10952\/revisions"}],"predecessor-version":[{"id":11408,"href":"https:\/\/cmsucupiradoriachao.ma.gov.br\/transparencia\/wp-json\/wp\/v2\/pages\/10952\/revisions\/11408"}],"wp:attachment":[{"href":"https:\/\/cmsucupiradoriachao.ma.gov.br\/transparencia\/wp-json\/wp\/v2\/media?parent=10952"}],"curies":[{"name":"wp","href":"https:\/\/api.w.org\/{rel}","templated":true}]}}