 {"id":10870,"date":"2021-08-01T09:06:33","date_gmt":"2021-08-01T12:06:33","guid":{"rendered":"https:\/\/cmsucupiradoriachao.ma.gov.br\/transparencia\/?page_id=10870"},"modified":"2025-08-07T09:43:54","modified_gmt":"2025-08-07T12:43:54","slug":"transferencias-voluntarias-recebidas","status":"publish","type":"page","link":"https:\/\/cmsucupiradoriachao.ma.gov.br\/transparencia\/transferencias-voluntarias-recebidas\/","title":{"rendered":"Transfer\u00eancias Volunt\u00e1rias Recebidas"},"content":{"rendered":"<p>Acesse os Transfer\u00eancias Volunt\u00e1rias Recebidas da C\u00e2mara Municipal<\/p>\n<div class=\"modal-window\" id=\"modal-window-1\" role=\"dialog\" aria-modal=\"true\"  aria-live=\"off\"><div class=\"modal-window__wrapper\"><div class=\"modal-window__content\"><div class=\"modal-window__content-wrapper\"><div class=\"modal-window__content-main\"><div>\u00a0<\/div>\r\n<div>\u00a0<\/div>\r\n<div>\u00a0<\/div>\r\n<div style=\"text-align: center\"><img loading=\"lazy\" decoding=\"async\" class=\"aligncenter size-full wp-image-16375\" src=\"https:\/\/cmsucupiradoriachao.ma.gov.br\/transparencia\/wp-content\/uploads\/2019\/12\/cmsucupiralogo.png\" alt=\"\" width=\"600\" height=\"132\" \/><\/div>\r\n<div>\u00a0<\/div>\r\n<div>\u00a0<\/div>\r\n<p style=\"padding: 10px\">Atendendo as obriga\u00e7\u00f5es de informar os <strong>Atos P\u00fablicos da C\u00e2mara Municipal, a <\/strong><strong>C\u00e2mara Municipal de Sucupira do Riach\u00e3o - Ma<\/strong>, informa, n\u00e3o concedeu nenhuma transfer\u00eancia volunt\u00e1ria da Uni\u00e3o, do Estado ou de qualquer outra entidade p\u00fablica ou privada, durante o exerc\u00edcio financeiro de 2023 nessa Casa Legislativa.<\/p>\r\n<div style=\"text-align: center\"><a href=\"https:\/\/cmsucupiradoriachao.ma.gov.br\/transparencia\/wp-content\/uploads\/2023\/08\/Declaracao-Conjunta.pdf\" target=\"blank\" rel=\"noopener\"><img loading=\"lazy\" decoding=\"async\" class=\"aligncenter  wp-image-17776\" src=\"https:\/\/cmsucupiradoriachao.ma.gov.br\/transparencia\/wp-content\/uploads\/2023\/08\/botao.png\" alt=\"\" width=\"174\" height=\"77\" \/><\/a><br \/>\r\n<p style=\"text-align: center\">Baixar Declara\u00e7\u00e3o<\/p>\r\n<\/div>\r\n<p>\u00a0<\/p>\r\n<p>\u00a0<\/p><\/div><\/div><div class=\"modal-window__close\" tabindex=\"0\" role=\"button\" aria-label=\"Close\">Close<\/div><\/div><\/div><\/div>\n","protected":false},"excerpt":{"rendered":"<p>Acesse os Transfer\u00eancias Volunt\u00e1rias Recebidas da C\u00e2mara Municipal<\/p>\n","protected":false},"author":10,"featured_media":0,"parent":0,"menu_order":0,"comment_status":"closed","ping_status":"closed","template":"","meta":{"_acf_changed":false,"footnotes":""},"class_list":["post-10870","page","type-page","status-publish","hentry"],"acf":[],"_links":{"self":[{"href":"https:\/\/cmsucupiradoriachao.ma.gov.br\/transparencia\/wp-json\/wp\/v2\/pages\/10870","targetHints":{"allow":["GET"]}}],"collection":[{"href":"https:\/\/cmsucupiradoriachao.ma.gov.br\/transparencia\/wp-json\/wp\/v2\/pages"}],"about":[{"href":"https:\/\/cmsucupiradoriachao.ma.gov.br\/transparencia\/wp-json\/wp\/v2\/types\/page"}],"author":[{"embeddable":true,"href":"https:\/\/cmsucupiradoriachao.ma.gov.br\/transparencia\/wp-json\/wp\/v2\/users\/10"}],"replies":[{"embeddable":true,"href":"https:\/\/cmsucupiradoriachao.ma.gov.br\/transparencia\/wp-json\/wp\/v2\/comments?post=10870"}],"version-history":[{"count":3,"href":"https:\/\/cmsucupiradoriachao.ma.gov.br\/transparencia\/wp-json\/wp\/v2\/pages\/10870\/revisions"}],"predecessor-version":[{"id":12467,"href":"https:\/\/cmsucupiradoriachao.ma.gov.br\/transparencia\/wp-json\/wp\/v2\/pages\/10870\/revisions\/12467"}],"wp:attachment":[{"href":"https:\/\/cmsucupiradoriachao.ma.gov.br\/transparencia\/wp-json\/wp\/v2\/media?parent=10870"}],"curies":[{"name":"wp","href":"https:\/\/api.w.org\/{rel}","templated":true}]}}