 {"id":10840,"date":"2021-07-26T10:14:14","date_gmt":"2021-07-26T13:14:14","guid":{"rendered":"https:\/\/cmsucupiradoriachao.ma.gov.br\/transparencia\/?page_id=10840"},"modified":"2024-05-15T11:00:39","modified_gmt":"2024-05-15T14:00:39","slug":"carta-de-servicos","status":"publish","type":"page","link":"https:\/\/cmsucupiradoriachao.ma.gov.br\/transparencia\/carta-de-servicos\/","title":{"rendered":"Carta de Servi\u00e7os"},"content":{"rendered":"<p style=\"text-align: left;\">Acesse a Carta de Servi\u00e7os da C\u00e2mara Municipal clicando no bot\u00e3o abaixo:<br \/>\n<div id=\"footable_parent_12727\"\n         class=\" footable_parent ninja_table_wrapper loading_ninja_table wp_table_data_press_parent semantic_ui colored_table\">\n                <table data-ninja_table_instance=\"ninja_table_instance_0\" data-footable_id=\"12727\" data-filter-delay=\"1000\" aria-label=\"Carta de Servi\u00e7os\"            id=\"footable_12727\"\n           data-unique_identifier=\"ninja_table_unique_id_1168130265_12727\"\n           class=\" foo-table ninja_footable foo_table_12727 ninja_table_unique_id_1168130265_12727 ui table  white nt_type_legacy_table selectable striped vertical_centered inverted footable-paging-right ninja_table_pro ninja_table_afd_inline ninja_table_has_custom_filter\">\n                <colgroup>\n                            <col class=\"ninja_column_0 \">\n                            <col class=\"ninja_column_1 \">\n                            <col class=\"ninja_column_2 \">\n                            <col class=\"ninja_column_3 \">\n                    <\/colgroup>\n        <thead>\n<tr class=\"footable-header\">\n                                                                        <th scope=\"col\"  class=\"ninja_column_0 ninja_clmn_nm_posttitle \">Descri\u00e7\u00e3o<\/th><th scope=\"col\"  class=\"ninja_column_1 ninja_clmn_nm_postdate \">Data da Publica\u00e7\u00e3o<\/th><th scope=\"col\"  class=\"ninja_column_2 ninja_clmn_nm_cartadeservicosano \">Ano<\/th><th scope=\"col\"  class=\"ninja_column_3 ninja_clmn_nm_download \">Download<\/th><\/tr>\n<\/thead>\n<tbody>\n\n        <tr data-row_id=\"0\" class=\"ninja_table_row_0 nt_row_id_0\">\n            <td>CARTA DE SERVI\u00c7OS - 2025\/2026<\/td><td>07\/08\/\/2025<\/td><td>2025<\/td><td><a target=\"_blank\"  class=\"nt_btn nt_rounded_btn\" style=\"color: rgba(250, 250, 250, 1);background-color: rgba(19, 191, 151, 1);border-color: rgba(19, 191, 151, 1);\" rel=\"\" href=\"https:\/\/cmsucupiradoriachao.ma.gov.br\/transparencia\/wp-content\/uploads\/2025\/08\/Carta-de-Servicos_CMSR-2025-1.pdf\">Download<\/a><\/td>        <\/tr>\n            <tr data-row_id=\"1\" class=\"ninja_table_row_1 nt_row_id_1\">\n            <td>CARTA DE SERVI\u00c7OS - 2023\/2024<\/td><td>06\/01\/\/2023<\/td><td>2023<\/td><td><a target=\"_blank\"  class=\"nt_btn nt_rounded_btn\" style=\"color: rgba(250, 250, 250, 1);background-color: rgba(19, 191, 151, 1);border-color: rgba(19, 191, 151, 1);\" rel=\"\" href=\"https:\/\/cmsucupiradoriachao.ma.gov.br\/transparencia\/wp-content\/uploads\/2024\/05\/CARTA-DE-SERVICOS-CAMSR-1.pdf\">Download<\/a><\/td>        <\/tr>\n    <\/tbody><!--ninja_tobody_rendering_done-->\n    <\/table>\n    \n    \n    \n<\/div>\n<\/p>\n<p>&nbsp;<\/p>\n","protected":false},"excerpt":{"rendered":"<p>Acesse a Carta de Servi\u00e7os da C\u00e2mara Municipal clicando no bot\u00e3o abaixo: &nbsp;<\/p>\n","protected":false},"author":10,"featured_media":10842,"parent":0,"menu_order":0,"comment_status":"closed","ping_status":"closed","template":"","meta":{"_acf_changed":false,"footnotes":""},"class_list":["post-10840","page","type-page","status-publish","has-post-thumbnail","hentry"],"acf":[],"_links":{"self":[{"href":"https:\/\/cmsucupiradoriachao.ma.gov.br\/transparencia\/wp-json\/wp\/v2\/pages\/10840","targetHints":{"allow":["GET"]}}],"collection":[{"href":"https:\/\/cmsucupiradoriachao.ma.gov.br\/transparencia\/wp-json\/wp\/v2\/pages"}],"about":[{"href":"https:\/\/cmsucupiradoriachao.ma.gov.br\/transparencia\/wp-json\/wp\/v2\/types\/page"}],"author":[{"embeddable":true,"href":"https:\/\/cmsucupiradoriachao.ma.gov.br\/transparencia\/wp-json\/wp\/v2\/users\/10"}],"replies":[{"embeddable":true,"href":"https:\/\/cmsucupiradoriachao.ma.gov.br\/transparencia\/wp-json\/wp\/v2\/comments?post=10840"}],"version-history":[{"count":2,"href":"https:\/\/cmsucupiradoriachao.ma.gov.br\/transparencia\/wp-json\/wp\/v2\/pages\/10840\/revisions"}],"predecessor-version":[{"id":12728,"href":"https:\/\/cmsucupiradoriachao.ma.gov.br\/transparencia\/wp-json\/wp\/v2\/pages\/10840\/revisions\/12728"}],"wp:featuredmedia":[{"embeddable":true,"href":"https:\/\/cmsucupiradoriachao.ma.gov.br\/transparencia\/wp-json\/wp\/v2\/media\/10842"}],"wp:attachment":[{"href":"https:\/\/cmsucupiradoriachao.ma.gov.br\/transparencia\/wp-json\/wp\/v2\/media?parent=10840"}],"curies":[{"name":"wp","href":"https:\/\/api.w.org\/{rel}","templated":true}]}}