 {"id":1079,"date":"2019-12-13T16:17:02","date_gmt":"2019-12-13T19:17:02","guid":{"rendered":"http:\/\/cmsucupiradoriachao.ma.gov.br\/transparencia\/?page_id=1079"},"modified":"2021-08-19T17:02:42","modified_gmt":"2021-08-19T20:02:42","slug":"prestacaodecontas","status":"publish","type":"page","link":"https:\/\/cmsucupiradoriachao.ma.gov.br\/transparencia\/prestacaodecontas\/","title":{"rendered":"Presta\u00e7\u00e3o de Contas"},"content":{"rendered":"<p>Acesse as Presta\u00e7\u00e3o de Contas da C\u00e2mara<\/p>\n","protected":false},"excerpt":{"rendered":"<p>Acesse as Presta\u00e7\u00e3o de Contas da C\u00e2mara<\/p>\n","protected":false},"author":10,"featured_media":6850,"parent":0,"menu_order":0,"comment_status":"closed","ping_status":"closed","template":"prestacaodecontas.php","meta":{"_acf_changed":false,"footnotes":""},"class_list":["post-1079","page","type-page","status-publish","has-post-thumbnail","hentry"],"acf":[],"_links":{"self":[{"href":"https:\/\/cmsucupiradoriachao.ma.gov.br\/transparencia\/wp-json\/wp\/v2\/pages\/1079","targetHints":{"allow":["GET"]}}],"collection":[{"href":"https:\/\/cmsucupiradoriachao.ma.gov.br\/transparencia\/wp-json\/wp\/v2\/pages"}],"about":[{"href":"https:\/\/cmsucupiradoriachao.ma.gov.br\/transparencia\/wp-json\/wp\/v2\/types\/page"}],"author":[{"embeddable":true,"href":"https:\/\/cmsucupiradoriachao.ma.gov.br\/transparencia\/wp-json\/wp\/v2\/users\/10"}],"replies":[{"embeddable":true,"href":"https:\/\/cmsucupiradoriachao.ma.gov.br\/transparencia\/wp-json\/wp\/v2\/comments?post=1079"}],"version-history":[{"count":2,"href":"https:\/\/cmsucupiradoriachao.ma.gov.br\/transparencia\/wp-json\/wp\/v2\/pages\/1079\/revisions"}],"predecessor-version":[{"id":6851,"href":"https:\/\/cmsucupiradoriachao.ma.gov.br\/transparencia\/wp-json\/wp\/v2\/pages\/1079\/revisions\/6851"}],"wp:featuredmedia":[{"embeddable":true,"href":"https:\/\/cmsucupiradoriachao.ma.gov.br\/transparencia\/wp-json\/wp\/v2\/media\/6850"}],"wp:attachment":[{"href":"https:\/\/cmsucupiradoriachao.ma.gov.br\/transparencia\/wp-json\/wp\/v2\/media?parent=1079"}],"curies":[{"name":"wp","href":"https:\/\/api.w.org\/{rel}","templated":true}]}}