 {"id":1076,"date":"2019-12-13T16:47:59","date_gmt":"2019-12-13T19:47:59","guid":{"rendered":"http:\/\/cmsucupiradoriachao.ma.gov.br\/transparencia\/?page_id=1076"},"modified":"2022-03-03T19:57:57","modified_gmt":"2022-03-03T22:57:57","slug":"execucao-orcamentaria","status":"publish","type":"page","link":"https:\/\/cmsucupiradoriachao.ma.gov.br\/transparencia\/execucao-orcamentaria\/","title":{"rendered":"Execu\u00e7\u00e3o Or\u00e7ament\u00e1ria"},"content":{"rendered":"<p>Acesse a Execu\u00e7\u00e3o Or\u00e7ament\u00e1ria da C\u00e2mara Municipal<\/p>\n","protected":false},"excerpt":{"rendered":"<p>Acesse a Execu\u00e7\u00e3o Or\u00e7ament\u00e1ria da C\u00e2mara Municipal<\/p>\n","protected":false},"author":10,"featured_media":7903,"parent":0,"menu_order":0,"comment_status":"closed","ping_status":"closed","template":"execucaoorcamentaria.php","meta":{"_acf_changed":false,"footnotes":""},"class_list":["post-1076","page","type-page","status-publish","has-post-thumbnail","hentry"],"acf":[],"_links":{"self":[{"href":"https:\/\/cmsucupiradoriachao.ma.gov.br\/transparencia\/wp-json\/wp\/v2\/pages\/1076","targetHints":{"allow":["GET"]}}],"collection":[{"href":"https:\/\/cmsucupiradoriachao.ma.gov.br\/transparencia\/wp-json\/wp\/v2\/pages"}],"about":[{"href":"https:\/\/cmsucupiradoriachao.ma.gov.br\/transparencia\/wp-json\/wp\/v2\/types\/page"}],"author":[{"embeddable":true,"href":"https:\/\/cmsucupiradoriachao.ma.gov.br\/transparencia\/wp-json\/wp\/v2\/users\/10"}],"replies":[{"embeddable":true,"href":"https:\/\/cmsucupiradoriachao.ma.gov.br\/transparencia\/wp-json\/wp\/v2\/comments?post=1076"}],"version-history":[{"count":3,"href":"https:\/\/cmsucupiradoriachao.ma.gov.br\/transparencia\/wp-json\/wp\/v2\/pages\/1076\/revisions"}],"predecessor-version":[{"id":7904,"href":"https:\/\/cmsucupiradoriachao.ma.gov.br\/transparencia\/wp-json\/wp\/v2\/pages\/1076\/revisions\/7904"}],"wp:featuredmedia":[{"embeddable":true,"href":"https:\/\/cmsucupiradoriachao.ma.gov.br\/transparencia\/wp-json\/wp\/v2\/media\/7903"}],"wp:attachment":[{"href":"https:\/\/cmsucupiradoriachao.ma.gov.br\/transparencia\/wp-json\/wp\/v2\/media?parent=1076"}],"curies":[{"name":"wp","href":"https:\/\/api.w.org\/{rel}","templated":true}]}}